{"id":12820,"date":"2026-02-04T05:36:42","date_gmt":"2026-02-04T05:36:42","guid":{"rendered":"https:\/\/aprodoor.com\/?post_type=product&#038;p=12820"},"modified":"2026-03-06T02:16:31","modified_gmt":"2026-03-06T02:16:31","slug":"porta-deslizante-de-elevacao-serie-a140t","status":"publish","type":"product","link":"https:\/\/aprodoor.com\/pt\/product\/a140t-series-lift-sliding-door\/","title":{"rendered":"Porta de correr e de eleva\u00e7\u00e3o da s\u00e9rie A140T"},"content":{"rendered":"","protected":false},"excerpt":{"rendered":"<p>Porta de alum\u00ednio deslizante e elevat\u00f3ria com ruptura t\u00e9rmica, estanqueidade ao ar Classe 8, controle de ru\u00eddo de 44dB, isolamento refor\u00e7ado e classifica\u00e7\u00e3o de resist\u00eancia ao vento AW para edif\u00edcios modernos.<\/p>","protected":false},"featured_media":12822,"template":"","format":"standard","meta":{"_acf_changed":true},"product-category":[186,187],"class_list":["post-12820","product","type-product","status-publish","format-standard","has-post-thumbnail","hentry","product-category-aluminum-door","product-category-sliding-door"],"acf":[],"aioseo_notices":[],"_links":{"self":[{"href":"https:\/\/aprodoor.com\/pt\/wp-json\/wp\/v2\/product\/12820","targetHints":{"allow":["GET"]}}],"collection":[{"href":"https:\/\/aprodoor.com\/pt\/wp-json\/wp\/v2\/product"}],"about":[{"href":"https:\/\/aprodoor.com\/pt\/wp-json\/wp\/v2\/types\/product"}],"wp:featuredmedia":[{"embeddable":true,"href":"https:\/\/aprodoor.com\/pt\/wp-json\/wp\/v2\/media\/12822"}],"wp:attachment":[{"href":"https:\/\/aprodoor.com\/pt\/wp-json\/wp\/v2\/media?parent=12820"}],"wp:term":[{"taxonomy":"product-category","embeddable":true,"href":"https:\/\/aprodoor.com\/pt\/wp-json\/wp\/v2\/product-category?post=12820"}],"curies":[{"name":"wp","href":"https:\/\/api.w.org\/{rel}","templated":true}]}}