{"id":13213,"date":"2026-02-28T06:17:00","date_gmt":"2026-02-28T06:17:00","guid":{"rendered":"https:\/\/aprodoor.com\/?post_type=product&#038;p=13213"},"modified":"2026-03-06T03:18:49","modified_gmt":"2026-03-06T03:18:49","slug":"falttur-der-serie-a68t","status":"publish","type":"product","link":"https:\/\/aprodoor.com\/de\/product\/a68t-series-folding-door\/","title":{"rendered":"Faltt\u00fcr der Serie A68T"},"content":{"rendered":"","protected":false},"excerpt":{"rendered":"<p>A68T-Faltt\u00fcr aus w\u00e4rmeged\u00e4mmtem Aluminium mit Doppel-\/Dreifachverglasung, leichtg\u00e4ngigen Rollen, starker Abdichtung und AAMA-konformer Leistung. Individuelle Gr\u00f6\u00dfen und Oberfl\u00e4chen.<\/p>","protected":false},"featured_media":13216,"template":"","format":"standard","meta":{"_acf_changed":true},"product-category":[186,190],"class_list":["post-13213","product","type-product","status-publish","format-standard","has-post-thumbnail","hentry","product-category-aluminum-door","product-category-folding-door"],"acf":[],"aioseo_notices":[],"_links":{"self":[{"href":"https:\/\/aprodoor.com\/de\/wp-json\/wp\/v2\/product\/13213","targetHints":{"allow":["GET"]}}],"collection":[{"href":"https:\/\/aprodoor.com\/de\/wp-json\/wp\/v2\/product"}],"about":[{"href":"https:\/\/aprodoor.com\/de\/wp-json\/wp\/v2\/types\/product"}],"wp:featuredmedia":[{"embeddable":true,"href":"https:\/\/aprodoor.com\/de\/wp-json\/wp\/v2\/media\/13216"}],"wp:attachment":[{"href":"https:\/\/aprodoor.com\/de\/wp-json\/wp\/v2\/media?parent=13213"}],"wp:term":[{"taxonomy":"product-category","embeddable":true,"href":"https:\/\/aprodoor.com\/de\/wp-json\/wp\/v2\/product-category?post=13213"}],"curies":[{"name":"wp","href":"https:\/\/api.w.org\/{rel}","templated":true}]}}