{"id":12054,"date":"2026-01-04T08:21:12","date_gmt":"2026-01-04T08:21:12","guid":{"rendered":"https:\/\/aprodoor.com\/?post_type=product&#038;p=12054"},"modified":"2026-03-06T02:10:53","modified_gmt":"2026-03-06T02:10:53","slug":"dreh-kipp-fenster-der-serie-a80t","status":"publish","type":"product","link":"https:\/\/aprodoor.com\/de\/product\/a80t-series-tilt-and-turn-window\/","title":{"rendered":"Dreh-Kipp-Fenster der Serie A80T"},"content":{"rendered":"","protected":false},"excerpt":{"rendered":"<p>Das Dreh-Kipp-Fenster A80T bietet W\u00e4rmed\u00e4mmung, Doppel- oder Dreifachverglasung, CSA-Zertifizierung und Energy Star-Effizienz f\u00fcr Gewerbegeb\u00e4ude.<\/p>","protected":false},"featured_media":12061,"template":"","format":"standard","meta":{"_acf_changed":true},"product-category":[183,182],"class_list":["post-12054","product","type-product","status-publish","format-standard","has-post-thumbnail","hentry","product-category-aluminum-window","product-category-tilt-and-turn-window"],"acf":[],"aioseo_notices":[],"_links":{"self":[{"href":"https:\/\/aprodoor.com\/de\/wp-json\/wp\/v2\/product\/12054","targetHints":{"allow":["GET"]}}],"collection":[{"href":"https:\/\/aprodoor.com\/de\/wp-json\/wp\/v2\/product"}],"about":[{"href":"https:\/\/aprodoor.com\/de\/wp-json\/wp\/v2\/types\/product"}],"wp:featuredmedia":[{"embeddable":true,"href":"https:\/\/aprodoor.com\/de\/wp-json\/wp\/v2\/media\/12061"}],"wp:attachment":[{"href":"https:\/\/aprodoor.com\/de\/wp-json\/wp\/v2\/media?parent=12054"}],"wp:term":[{"taxonomy":"product-category","embeddable":true,"href":"https:\/\/aprodoor.com\/de\/wp-json\/wp\/v2\/product-category?post=12054"}],"curies":[{"name":"wp","href":"https:\/\/api.w.org\/{rel}","templated":true}]}}